{"id":283,"date":"2025-04-09T22:08:06","date_gmt":"2025-04-09T22:08:06","guid":{"rendered":"https:\/\/lp.top-site.com.ua\/?page_id=283"},"modified":"2026-01-20T17:58:36","modified_gmt":"2026-01-20T17:58:36","slug":"lammari","status":"publish","type":"page","link":"https:\/\/lammariparis.com\/?page_id=283","title":{"rendered":"Nos services"},"content":{"rendered":"\t\t<div data-elementor-type=\"wp-page\" data-elementor-id=\"283\" class=\"elementor elementor-283\">\n\t\t\t\t\t\t\t\t\t<section class=\"elementor-section elementor-top-section elementor-element elementor-element-8627bbc elementor-section-boxed elementor-section-height-default elementor-section-height-default\" data-id=\"8627bbc\" data-element_type=\"section\">\n\t\t\t\t\t\t<div class=\"elementor-container elementor-column-gap-default\">\n\t\t\t\t\t<div class=\"elementor-column elementor-col-100 elementor-top-column elementor-element elementor-element-e24a91d\" data-id=\"e24a91d\" data-element_type=\"column\">\n\t\t\t<div class=\"elementor-widget-wrap elementor-element-populated\">\n\t\t\t\t\t\t\t\t<div class=\"elementor-element elementor-element-85d1a3b elementor-widget elementor-widget-heading\" data-id=\"85d1a3b\" data-element_type=\"widget\" data-widget_type=\"heading.default\">\n\t\t\t\t<div class=\"elementor-widget-container\">\n\t\t\t<style>\/*! elementor - v3.12.1 - 02-04-2023 *\/\n.elementor-heading-title{padding:0;margin:0;line-height:1}.elementor-widget-heading .elementor-heading-title[class*=elementor-size-]>a{color:inherit;font-size:inherit;line-height:inherit}.elementor-widget-heading .elementor-heading-title.elementor-size-small{font-size:15px}.elementor-widget-heading .elementor-heading-title.elementor-size-medium{font-size:19px}.elementor-widget-heading .elementor-heading-title.elementor-size-large{font-size:29px}.elementor-widget-heading .elementor-heading-title.elementor-size-xl{font-size:39px}.elementor-widget-heading .elementor-heading-title.elementor-size-xxl{font-size:59px}<\/style><h2 class=\"elementor-heading-title elementor-size-default\">Nos services<\/h2>\t\t<\/div>\n\t\t\t\t<\/div>\n\t\t\t\t\t<\/div>\n\t\t<\/div>\n\t\t\t\t\t\t\t<\/div>\n\t\t<\/section>\n\t\t\t\t<section class=\"elementor-section elementor-top-section elementor-element elementor-element-a035fbe elementor-section-boxed elementor-section-height-default elementor-section-height-default\" data-id=\"a035fbe\" data-element_type=\"section\">\n\t\t\t\t\t\t<div class=\"elementor-container elementor-column-gap-default\">\n\t\t\t\t\t<div class=\"elementor-column elementor-col-50 elementor-top-column elementor-element elementor-element-2361459\" data-id=\"2361459\" data-element_type=\"column\" data-settings=\"{&quot;background_background&quot;:&quot;classic&quot;}\">\n\t\t\t<div class=\"elementor-widget-wrap elementor-element-populated\">\n\t\t\t\t\t\t\t\t<div class=\"elementor-element elementor-element-7777178 elementor-widget elementor-widget-text-editor\" data-id=\"7777178\" data-element_type=\"widget\" data-widget_type=\"text-editor.default\">\n\t\t\t\t<div class=\"elementor-widget-container\">\n\t\t\t<style>\/*! elementor - v3.12.1 - 02-04-2023 *\/\n.elementor-widget-text-editor.elementor-drop-cap-view-stacked .elementor-drop-cap{background-color:#69727d;color:#fff}.elementor-widget-text-editor.elementor-drop-cap-view-framed .elementor-drop-cap{color:#69727d;border:3px solid;background-color:transparent}.elementor-widget-text-editor:not(.elementor-drop-cap-view-default) .elementor-drop-cap{margin-top:8px}.elementor-widget-text-editor:not(.elementor-drop-cap-view-default) .elementor-drop-cap-letter{width:1em;height:1em}.elementor-widget-text-editor .elementor-drop-cap{float:left;text-align:center;line-height:1;font-size:50px}.elementor-widget-text-editor .elementor-drop-cap-letter{display:inline-block}<\/style>\t\t\t\t<p class=\"p3\">Chez Lammari, chaque mari\u00e9e est unique. C\u2019est pourquoi nous proposons un accompagnement sur mesure \u00e0 chaque \u00e9tape de votre aventure nuptiale.<\/p><p class=\"p4\"><b>Conseil personnalis\u00e9<\/b><b><\/b><\/p><p class=\"p3\">Nous vous aidons \u00e0 choisir la robe qui vous ressemble, en fonction de votre style, de votre silhouette et de vos envies. Chaque rendez-vous est privatis\u00e9, pour vous offrir une \u00e9coute attentive et une exp\u00e9rience sereine.<\/p><p class=\"p4\"><b>Essayages sur rendez-vous<\/b><b><\/b><\/p><p class=\"p3\">Nos essayages ont lieu dans une atmosph\u00e8re intime et bienveillante. Vous aurez le temps d\u2019essayer diff\u00e9rents mod\u00e8les, d\u2019\u00e9changer, de ressentir. Nous avan\u00e7ons \u00e0 votre rythme.<\/p><p class=\"p4\"><b>Retouches et ajustements<\/b><b><\/b><\/p><p class=\"p3\">Une fois la robe choisie, nous assurons les ajustements n\u00e9cessaires pour qu\u2019elle \u00e9pouse parfaitement votre silhouette. Chaque d\u00e9tail compte.<\/p><p class=\"p4\"><b>Cr\u00e9ations sur mesure<\/b><b><\/b><\/p><p class=\"p3\">Si vous r\u00eavez d\u2019une robe unique, nous pouvons cr\u00e9er une pi\u00e8ce enti\u00e8rement personnalis\u00e9e, pens\u00e9e avec vous, et r\u00e9alis\u00e9e avec soin dans notre atelier.<\/p><p class=\"p4\"><b>Accessoires et voiles<\/b><b><\/b><\/p><p class=\"p3\">Nous proposons \u00e9galement une s\u00e9lection d\u2019accessoires pour sublimer votre tenue : voiles, peignes, bijoux d\u00e9licats\u2026<\/p>\t\t\t\t\t\t<\/div>\n\t\t\t\t<\/div>\n\t\t\t\t\t<\/div>\n\t\t<\/div>\n\t\t\t\t<div class=\"elementor-column elementor-col-50 elementor-top-column elementor-element elementor-element-76fe3f1\" data-id=\"76fe3f1\" data-element_type=\"column\">\n\t\t\t<div class=\"elementor-widget-wrap elementor-element-populated\">\n\t\t\t\t\t\t\t\t<div class=\"elementor-element elementor-element-276dd86 elementor-widget elementor-widget-image\" data-id=\"276dd86\" data-element_type=\"widget\" data-widget_type=\"image.default\">\n\t\t\t\t<div class=\"elementor-widget-container\">\n\t\t\t<style>\/*! elementor - v3.12.1 - 02-04-2023 *\/\n.elementor-widget-image{text-align:center}.elementor-widget-image a{display:inline-block}.elementor-widget-image a img[src$=\".svg\"]{width:48px}.elementor-widget-image img{vertical-align:middle;display:inline-block}<\/style>\t\t\t\t\t\t\t\t\t\t\t\t<img loading=\"lazy\" decoding=\"async\" width=\"683\" height=\"1024\" src=\"https:\/\/lammariparis.com\/wp-content\/uploads\/2025\/04\/\u043f\u043e\u0441\u043b\u0443\u0433\u0438-683x1024.jpg\" class=\"attachment-large size-large wp-image-1019\" alt=\"\" srcset=\"https:\/\/lammariparis.com\/wp-content\/uploads\/2025\/04\/\u043f\u043e\u0441\u043b\u0443\u0433\u0438-683x1024.jpg 683w, https:\/\/lammariparis.com\/wp-content\/uploads\/2025\/04\/\u043f\u043e\u0441\u043b\u0443\u0433\u0438-200x300.jpg 200w, https:\/\/lammariparis.com\/wp-content\/uploads\/2025\/04\/\u043f\u043e\u0441\u043b\u0443\u0433\u0438-768x1152.jpg 768w, https:\/\/lammariparis.com\/wp-content\/uploads\/2025\/04\/\u043f\u043e\u0441\u043b\u0443\u0433\u0438-416x624.jpg 416w, https:\/\/lammariparis.com\/wp-content\/uploads\/2025\/04\/\u043f\u043e\u0441\u043b\u0443\u0433\u0438.jpg 1024w\" sizes=\"auto, (max-width: 683px) 100vw, 683px\" \/>\t\t\t\t\t\t\t\t\t\t\t\t\t\t\t<\/div>\n\t\t\t\t<\/div>\n\t\t\t\t\t<\/div>\n\t\t<\/div>\n\t\t\t\t\t\t\t<\/div>\n\t\t<\/section>\n\t\t\t\t\t\t\t<\/div>\n\t\t","protected":false},"excerpt":{"rendered":"<p>Nos services Chez Lammari, chaque mari\u00e9e est unique. C\u2019est pourquoi nous proposons un accompagnement sur mesure \u00e0 chaque \u00e9tape de votre aventure nuptiale. Conseil personnalis\u00e9 Nous vous aidons \u00e0 choisir la robe qui vous ressemble, en fonction de votre style, de votre silhouette et de vos envies. Chaque rendez-vous est privatis\u00e9, pour vous offrir une&#8230; <a href=\"https:\/\/lammariparis.com\/?page_id=283\">En savoir plus<\/a><\/p>\n","protected":false},"author":1,"featured_media":0,"parent":0,"menu_order":0,"comment_status":"closed","ping_status":"closed","template":"elementor_header_footer","meta":{"footnotes":""},"class_list":["post-283","page","type-page","status-publish","hentry"],"_links":{"self":[{"href":"https:\/\/lammariparis.com\/index.php?rest_route=\/wp\/v2\/pages\/283","targetHints":{"allow":["GET"]}}],"collection":[{"href":"https:\/\/lammariparis.com\/index.php?rest_route=\/wp\/v2\/pages"}],"about":[{"href":"https:\/\/lammariparis.com\/index.php?rest_route=\/wp\/v2\/types\/page"}],"author":[{"embeddable":true,"href":"https:\/\/lammariparis.com\/index.php?rest_route=\/wp\/v2\/users\/1"}],"replies":[{"embeddable":true,"href":"https:\/\/lammariparis.com\/index.php?rest_route=%2Fwp%2Fv2%2Fcomments&post=283"}],"version-history":[{"count":17,"href":"https:\/\/lammariparis.com\/index.php?rest_route=\/wp\/v2\/pages\/283\/revisions"}],"predecessor-version":[{"id":1233,"href":"https:\/\/lammariparis.com\/index.php?rest_route=\/wp\/v2\/pages\/283\/revisions\/1233"}],"wp:attachment":[{"href":"https:\/\/lammariparis.com\/index.php?rest_route=%2Fwp%2Fv2%2Fmedia&parent=283"}],"curies":[{"name":"wp","href":"https:\/\/api.w.org\/{rel}","templated":true}]}}