{"id":287,"date":"2025-04-09T22:09:05","date_gmt":"2025-04-09T22:09:05","guid":{"rendered":"https:\/\/lp.top-site.com.ua\/?page_id=287"},"modified":"2026-01-20T18:12:56","modified_gmt":"2026-01-20T18:12:56","slug":"histoire-de-la-maison","status":"publish","type":"page","link":"https:\/\/lammariparis.com\/?page_id=287","title":{"rendered":"Histoire de la maison"},"content":{"rendered":"\t\t<div data-elementor-type=\"wp-page\" data-elementor-id=\"287\" class=\"elementor elementor-287\">\n\t\t\t\t\t\t\t\t\t<section class=\"elementor-section elementor-top-section elementor-element elementor-element-702f970 elementor-section-boxed elementor-section-height-default elementor-section-height-default\" data-id=\"702f970\" data-element_type=\"section\">\n\t\t\t\t\t\t<div class=\"elementor-container elementor-column-gap-default\">\n\t\t\t\t\t<div class=\"elementor-column elementor-col-100 elementor-top-column elementor-element elementor-element-f7b3849\" data-id=\"f7b3849\" data-element_type=\"column\">\n\t\t\t<div class=\"elementor-widget-wrap elementor-element-populated\">\n\t\t\t\t\t\t\t\t\t<\/div>\n\t\t<\/div>\n\t\t\t\t\t\t\t<\/div>\n\t\t<\/section>\n\t\t\t\t<section class=\"elementor-section elementor-top-section elementor-element elementor-element-312edfb elementor-section-boxed elementor-section-height-default elementor-section-height-default\" data-id=\"312edfb\" data-element_type=\"section\">\n\t\t\t\t\t\t<div class=\"elementor-container elementor-column-gap-default\">\n\t\t\t\t\t<div class=\"elementor-column elementor-col-50 elementor-top-column elementor-element elementor-element-142ffd0\" data-id=\"142ffd0\" data-element_type=\"column\" data-settings=\"{&quot;background_background&quot;:&quot;classic&quot;}\">\n\t\t\t<div class=\"elementor-widget-wrap elementor-element-populated\">\n\t\t\t\t\t\t\t\t<div class=\"elementor-element elementor-element-8626fa5 elementor-widget elementor-widget-text-editor\" data-id=\"8626fa5\" data-element_type=\"widget\" data-widget_type=\"text-editor.default\">\n\t\t\t\t<div class=\"elementor-widget-container\">\n\t\t\t<style>\/*! elementor - v3.12.1 - 02-04-2023 *\/\n.elementor-widget-text-editor.elementor-drop-cap-view-stacked .elementor-drop-cap{background-color:#69727d;color:#fff}.elementor-widget-text-editor.elementor-drop-cap-view-framed .elementor-drop-cap{color:#69727d;border:3px solid;background-color:transparent}.elementor-widget-text-editor:not(.elementor-drop-cap-view-default) .elementor-drop-cap{margin-top:8px}.elementor-widget-text-editor:not(.elementor-drop-cap-view-default) .elementor-drop-cap-letter{width:1em;height:1em}.elementor-widget-text-editor .elementor-drop-cap{float:left;text-align:center;line-height:1;font-size:50px}.elementor-widget-text-editor .elementor-drop-cap-letter{display:inline-block}<\/style>\t\t\t\t<p class=\"p1\">Tout a commenc\u00e9 par une d\u00e9ception.<\/p><p class=\"p1\">Au lendemain de ma propre demande en mariage, je suis partie, le c\u0153ur l\u00e9ger, \u00e0 la recherche de ma robe. Mais tr\u00e8s vite, l\u2019enthousiasme s\u2019est heurt\u00e9 \u00e0 une r\u00e9alit\u00e9 impersonnelle : des boutiques froides, des regards press\u00e9s, des discours m\u00e9caniques\u2026<\/p><p class=\"p1\">Rien qui ne refl\u00e9tait l\u2019\u00e9motion de ce moment si pr\u00e9cieux.<\/p><p class=\"p1\">J\u2019ai r\u00eav\u00e9 alors d\u2019un lieu diff\u00e9rent. Un espace chaleureux, humain, o\u00f9 chaque rendez-vous serait une parenth\u00e8se douce, un vrai partage avec des cr\u00e9atrices sinc\u00e8rement investies.<\/p><p class=\"p1\">Un lieu o\u00f9 l\u2019on prend le temps, o\u00f9 l\u2019on \u00e9coute, o\u00f9 l\u2019on accompagne sans juger.<\/p>\t\t\t\t\t\t<\/div>\n\t\t\t\t<\/div>\n\t\t\t\t\t<\/div>\n\t\t<\/div>\n\t\t\t\t<div class=\"elementor-column elementor-col-50 elementor-top-column elementor-element elementor-element-2849098\" data-id=\"2849098\" data-element_type=\"column\">\n\t\t\t<div class=\"elementor-widget-wrap elementor-element-populated\">\n\t\t\t\t\t\t\t\t<div class=\"elementor-element elementor-element-370758c elementor-widget elementor-widget-image\" data-id=\"370758c\" data-element_type=\"widget\" data-widget_type=\"image.default\">\n\t\t\t\t<div class=\"elementor-widget-container\">\n\t\t\t<style>\/*! elementor - v3.12.1 - 02-04-2023 *\/\n.elementor-widget-image{text-align:center}.elementor-widget-image a{display:inline-block}.elementor-widget-image a img[src$=\".svg\"]{width:48px}.elementor-widget-image img{vertical-align:middle;display:inline-block}<\/style>\t\t\t\t\t\t\t\t\t\t\t\t<img loading=\"lazy\" decoding=\"async\" width=\"720\" height=\"800\" src=\"https:\/\/lammariparis.com\/wp-content\/uploads\/2025\/04\/769A1223-720x800-1.jpg\" class=\"attachment-large size-large wp-image-319\" alt=\"\" srcset=\"https:\/\/lammariparis.com\/wp-content\/uploads\/2025\/04\/769A1223-720x800-1.jpg 720w, https:\/\/lammariparis.com\/wp-content\/uploads\/2025\/04\/769A1223-720x800-1-270x300.jpg 270w, https:\/\/lammariparis.com\/wp-content\/uploads\/2025\/04\/769A1223-720x800-1-416x462.jpg 416w\" sizes=\"auto, (max-width: 720px) 100vw, 720px\" \/>\t\t\t\t\t\t\t\t\t\t\t\t\t\t\t<\/div>\n\t\t\t\t<\/div>\n\t\t\t\t\t<\/div>\n\t\t<\/div>\n\t\t\t\t\t\t\t<\/div>\n\t\t<\/section>\n\t\t\t\t<section class=\"elementor-section elementor-top-section elementor-element elementor-element-af8d3de elementor-section-boxed elementor-section-height-default elementor-section-height-default\" data-id=\"af8d3de\" data-element_type=\"section\">\n\t\t\t\t\t\t<div class=\"elementor-container elementor-column-gap-default\">\n\t\t\t\t\t<div class=\"elementor-column elementor-col-50 elementor-top-column elementor-element elementor-element-f37cc89\" data-id=\"f37cc89\" data-element_type=\"column\" data-settings=\"{&quot;background_background&quot;:&quot;classic&quot;}\">\n\t\t\t<div class=\"elementor-widget-wrap elementor-element-populated\">\n\t\t\t\t\t\t\t\t<div class=\"elementor-element elementor-element-4a20d23 elementor-widget elementor-widget-text-editor\" data-id=\"4a20d23\" data-element_type=\"widget\" data-widget_type=\"text-editor.default\">\n\t\t\t\t<div class=\"elementor-widget-container\">\n\t\t\t\t\t\t\t<p>C\u2019est de ce r\u00eave qu\u2019est n\u00e9e la Maison Lammari. Un atelier confidentiel, \u00e0 taille humaine, o\u00f9 chaque mari\u00e9e est accueillie avec attention et bienveillance.<\/p><p class=\"p1\">Chaque rencontre y est unique, chaque robe le fruit d\u2019un lien, d\u2019une confiance, d\u2019un moment vrai.<\/p><p class=\"p1\">Chaque robe que nous cr\u00e9ons raconte une histoire. Elle na\u00eet d\u2019une rencontre, d\u2019un regard \u00e9chang\u00e9, d\u2019un \u00e9clat de rire ou d\u2019un silence partag\u00e9.<\/p><p class=\"p1\">Rien n\u2019est laiss\u00e9 au hasard. Chaque d\u00e9tail, chaque tissu, chaque courbe est pens\u00e9 pour que la mari\u00e9e se sente parfaitement elle-m\u00eame \u2014 belle, libre, sereine.<\/p><p class=\"p1\">Chez Lammari, nous croyons que la robe parfaite ne se dicte pas : elle se d\u00e9couvre, ensemble.<\/p><p class=\"p1\">Dans ce lieu intime et sans artifice, chaque essayage devient un moment suspendu, une c\u00e9l\u00e9bration douce de ce que vous \u00eates, de ce que vous devenez.<\/p>\t\t\t\t\t\t<\/div>\n\t\t\t\t<\/div>\n\t\t\t\t\t<\/div>\n\t\t<\/div>\n\t\t\t\t<div class=\"elementor-column elementor-col-50 elementor-top-column elementor-element elementor-element-848db44\" data-id=\"848db44\" data-element_type=\"column\">\n\t\t\t<div class=\"elementor-widget-wrap elementor-element-populated\">\n\t\t\t\t\t\t\t\t<div class=\"elementor-element elementor-element-1abdda9 elementor-widget elementor-widget-image\" data-id=\"1abdda9\" data-element_type=\"widget\" data-widget_type=\"image.default\">\n\t\t\t\t<div class=\"elementor-widget-container\">\n\t\t\t\t\t\t\t\t\t\t\t\t\t\t\t<img loading=\"lazy\" decoding=\"async\" width=\"683\" height=\"1024\" src=\"https:\/\/lammariparis.com\/wp-content\/uploads\/2025\/04\/5robe-e-mariee-sarah-scaled-1-683x1024.jpg\" class=\"attachment-large size-large wp-image-388\" alt=\"\" srcset=\"https:\/\/lammariparis.com\/wp-content\/uploads\/2025\/04\/5robe-e-mariee-sarah-scaled-1-683x1024.jpg 683w, https:\/\/lammariparis.com\/wp-content\/uploads\/2025\/04\/5robe-e-mariee-sarah-scaled-1-200x300.jpg 200w, https:\/\/lammariparis.com\/wp-content\/uploads\/2025\/04\/5robe-e-mariee-sarah-scaled-1-768x1152.jpg 768w, https:\/\/lammariparis.com\/wp-content\/uploads\/2025\/04\/5robe-e-mariee-sarah-scaled-1-1024x1536.jpg 1024w, https:\/\/lammariparis.com\/wp-content\/uploads\/2025\/04\/5robe-e-mariee-sarah-scaled-1-1366x2048.jpg 1366w, https:\/\/lammariparis.com\/wp-content\/uploads\/2025\/04\/5robe-e-mariee-sarah-scaled-1-416x624.jpg 416w, https:\/\/lammariparis.com\/wp-content\/uploads\/2025\/04\/5robe-e-mariee-sarah-scaled-1.jpg 1707w\" sizes=\"auto, (max-width: 683px) 100vw, 683px\" \/>\t\t\t\t\t\t\t\t\t\t\t\t\t\t\t<\/div>\n\t\t\t\t<\/div>\n\t\t\t\t\t<\/div>\n\t\t<\/div>\n\t\t\t\t\t\t\t<\/div>\n\t\t<\/section>\n\t\t\t\t<section class=\"elementor-section elementor-top-section elementor-element elementor-element-f830beb elementor-section-boxed elementor-section-height-default elementor-section-height-default\" data-id=\"f830beb\" data-element_type=\"section\">\n\t\t\t\t\t\t<div class=\"elementor-container elementor-column-gap-default\">\n\t\t\t\t\t<div class=\"elementor-column elementor-col-50 elementor-top-column elementor-element elementor-element-bd73c91\" data-id=\"bd73c91\" data-element_type=\"column\">\n\t\t\t<div class=\"elementor-widget-wrap\">\n\t\t\t\t\t\t\t\t\t<\/div>\n\t\t<\/div>\n\t\t\t\t<div class=\"elementor-column elementor-col-50 elementor-top-column elementor-element elementor-element-fcb9f0d\" data-id=\"fcb9f0d\" data-element_type=\"column\">\n\t\t\t<div class=\"elementor-widget-wrap\">\n\t\t\t\t\t\t\t\t\t<\/div>\n\t\t<\/div>\n\t\t\t\t\t\t\t<\/div>\n\t\t<\/section>\n\t\t\t\t\t\t\t<\/div>\n\t\t","protected":false},"excerpt":{"rendered":"<p>Tout a commenc\u00e9 par une d\u00e9ception. Au lendemain de ma propre demande en mariage, je suis partie, le c\u0153ur l\u00e9ger, \u00e0 la recherche de ma robe. Mais tr\u00e8s vite, l\u2019enthousiasme s\u2019est heurt\u00e9 \u00e0 une r\u00e9alit\u00e9 impersonnelle : des boutiques froides, des regards press\u00e9s, des discours m\u00e9caniques\u2026 Rien qui ne refl\u00e9tait l\u2019\u00e9motion de ce moment si&#8230; <a href=\"https:\/\/lammariparis.com\/?page_id=287\">En savoir plus<\/a><\/p>\n","protected":false},"author":1,"featured_media":0,"parent":0,"menu_order":0,"comment_status":"closed","ping_status":"closed","template":"elementor_header_footer","meta":{"footnotes":""},"class_list":["post-287","page","type-page","status-publish","hentry"],"_links":{"self":[{"href":"https:\/\/lammariparis.com\/index.php?rest_route=\/wp\/v2\/pages\/287","targetHints":{"allow":["GET"]}}],"collection":[{"href":"https:\/\/lammariparis.com\/index.php?rest_route=\/wp\/v2\/pages"}],"about":[{"href":"https:\/\/lammariparis.com\/index.php?rest_route=\/wp\/v2\/types\/page"}],"author":[{"embeddable":true,"href":"https:\/\/lammariparis.com\/index.php?rest_route=\/wp\/v2\/users\/1"}],"replies":[{"embeddable":true,"href":"https:\/\/lammariparis.com\/index.php?rest_route=%2Fwp%2Fv2%2Fcomments&post=287"}],"version-history":[{"count":16,"href":"https:\/\/lammariparis.com\/index.php?rest_route=\/wp\/v2\/pages\/287\/revisions"}],"predecessor-version":[{"id":1240,"href":"https:\/\/lammariparis.com\/index.php?rest_route=\/wp\/v2\/pages\/287\/revisions\/1240"}],"wp:attachment":[{"href":"https:\/\/lammariparis.com\/index.php?rest_route=%2Fwp%2Fv2%2Fmedia&parent=287"}],"curies":[{"name":"wp","href":"https:\/\/api.w.org\/{rel}","templated":true}]}}