{"id":115,"date":"2025-04-09T21:18:21","date_gmt":"2025-04-09T21:18:21","guid":{"rendered":"https:\/\/lp.top-site.com.ua\/?post_type=product&#038;p=115"},"modified":"2025-04-12T16:18:59","modified_gmt":"2025-04-12T16:18:59","slug":"kiara","status":"publish","type":"product","link":"https:\/\/lammariparis.com\/?product=kiara","title":{"rendered":"Robe de mari\u00e9e Sirene"},"content":{"rendered":"<p>Notre robe de mari\u00e9e sir\u00e8ne Kiara, une cr\u00e9ation qui offre une \u00e9l\u00e9gance incomparable gr\u00e2ce \u00e0 sa dentelle raffin\u00e9e m\u00ealant avec finesse la dentelle de chantilly ainsi que de la guipure perl\u00e9e. Elle pr\u00e9sente un d\u00e9collet\u00e9 en V plongeant et une magnifique traine \u00e0 deux niveaux.<\/p>\n<p>&nbsp;<\/p>\n<p><strong>Puis-je personnalis\u00e9 ce mod\u00e8le de robe de mari\u00e9e ?<\/strong><\/p>\n<ul>\n<li>Oui, vous pouvez rallonger la tra\u00eene.<\/li>\n<\/ul>\n<p><strong>Puis-je choisir la couleur de ma robe de mari\u00e9e ?\u00a0<\/strong><\/p>\n<ul>\n<li>Oui, ivoire &amp; blanc cass\u00e9.<\/li>\n<\/ul>\n","protected":false},"excerpt":{"rendered":"<p>Notre robe de mari\u00e9e sir\u00e8ne Kiara est une cr\u00e9ation qui offre l&rsquo;\u00e9l\u00e9gance incomparable gr\u00e2ce a sa dentelle raffin\u00e9 m\u00ealant avec finesse la dentelle de chantilly ainsi que la guipure perl\u00e9e. Elle pr\u00e9sente un d\u00e9collet\u00e9 en V plongeant et une magnifique traine \u00e0 deux niveaux.<\/p>\n<p>FAQ<\/p>\n<p><strong>Puis-je personnalis\u00e9 ce mod\u00e8le de robe de mari\u00e9e ?<\/strong><\/p>\n<ul>\n<li>Non.<\/li>\n<\/ul>\n","protected":false},"featured_media":221,"comment_status":"closed","ping_status":"closed","template":"","meta":[],"product_cat":[28],"product_tag":[],"class_list":{"0":"post-115","1":"product","2":"type-product","3":"status-publish","4":"has-post-thumbnail","6":"product_cat-la-romantique","8":"first","9":"instock","10":"shipping-taxable","11":"product-type-simple"},"_links":{"self":[{"href":"https:\/\/lammariparis.com\/index.php?rest_route=\/wp\/v3\/product\/115","targetHints":{"allow":["GET"]}}],"collection":[{"href":"https:\/\/lammariparis.com\/index.php?rest_route=\/wp\/v3\/product"}],"about":[{"href":"https:\/\/lammariparis.com\/index.php?rest_route=\/wp\/v2\/types\/product"}],"replies":[{"embeddable":true,"href":"https:\/\/lammariparis.com\/index.php?rest_route=%2Fwp%2Fv2%2Fcomments&post=115"}],"wp:featuredmedia":[{"embeddable":true,"href":"https:\/\/lammariparis.com\/index.php?rest_route=\/wp\/v2\/media\/221"}],"wp:attachment":[{"href":"https:\/\/lammariparis.com\/index.php?rest_route=%2Fwp%2Fv2%2Fmedia&parent=115"}],"wp:term":[{"taxonomy":"product_cat","embeddable":true,"href":"https:\/\/lammariparis.com\/index.php?rest_route=%2Fwp%2Fv2%2Fproduct_cat&post=115"},{"taxonomy":"product_tag","embeddable":true,"href":"https:\/\/lammariparis.com\/index.php?rest_route=%2Fwp%2Fv2%2Fproduct_tag&post=115"}],"curies":[{"name":"wp","href":"https:\/\/api.w.org\/{rel}","templated":true}]}}