{"id":117,"date":"2025-04-09T21:18:22","date_gmt":"2025-04-09T21:18:22","guid":{"rendered":"https:\/\/lp.top-site.com.ua\/?post_type=product&#038;p=117"},"modified":"2025-04-12T19:43:28","modified_gmt":"2025-04-12T19:43:28","slug":"robe-de-mariee-alice","status":"publish","type":"product","link":"https:\/\/lammariparis.com\/?product=robe-de-mariee-alice","title":{"rendered":"Robe de mari\u00e9e Alice"},"content":{"rendered":"","protected":false},"excerpt":{"rendered":"<p>Soyez une mari\u00e9e sophistiqu\u00e9e avec notre combinaison LAMMARI !<\/p>\n<p>Cette pi\u00e8ce unique comprend un haut en dentelle d\u00e9licate, un pantalon coupe droite en guipure, et un \u00e9l\u00e9gant poncho en guipure. Pour un charme suppl\u00e9mentaire, elle est compl\u00e9t\u00e9e par une superbe surjupe en tulle perl\u00e9e, parfaite pour les mari\u00e9es hivernales !<\/p>\n","protected":false},"featured_media":496,"comment_status":"open","ping_status":"closed","template":"","meta":[],"product_cat":[22],"product_tag":[],"class_list":{"0":"post-117","1":"product","2":"type-product","3":"status-publish","4":"has-post-thumbnail","6":"product_cat-la-vie-rose","8":"first","9":"instock","10":"shipping-taxable","11":"product-type-simple"},"_links":{"self":[{"href":"https:\/\/lammariparis.com\/index.php?rest_route=\/wp\/v3\/product\/117","targetHints":{"allow":["GET"]}}],"collection":[{"href":"https:\/\/lammariparis.com\/index.php?rest_route=\/wp\/v3\/product"}],"about":[{"href":"https:\/\/lammariparis.com\/index.php?rest_route=\/wp\/v2\/types\/product"}],"replies":[{"embeddable":true,"href":"https:\/\/lammariparis.com\/index.php?rest_route=%2Fwp%2Fv2%2Fcomments&post=117"}],"wp:featuredmedia":[{"embeddable":true,"href":"https:\/\/lammariparis.com\/index.php?rest_route=\/wp\/v2\/media\/496"}],"wp:attachment":[{"href":"https:\/\/lammariparis.com\/index.php?rest_route=%2Fwp%2Fv2%2Fmedia&parent=117"}],"wp:term":[{"taxonomy":"product_cat","embeddable":true,"href":"https:\/\/lammariparis.com\/index.php?rest_route=%2Fwp%2Fv2%2Fproduct_cat&post=117"},{"taxonomy":"product_tag","embeddable":true,"href":"https:\/\/lammariparis.com\/index.php?rest_route=%2Fwp%2Fv2%2Fproduct_tag&post=117"}],"curies":[{"name":"wp","href":"https:\/\/api.w.org\/{rel}","templated":true}]}}