{"id":126,"date":"2025-04-09T21:18:46","date_gmt":"2025-04-09T21:18:46","guid":{"rendered":"https:\/\/lp.top-site.com.ua\/?post_type=product&#038;p=126"},"modified":"2025-04-12T19:57:09","modified_gmt":"2025-04-12T19:57:09","slug":"robe-de-mariee-aya","status":"publish","type":"product","link":"https:\/\/lammariparis.com\/?product=robe-de-mariee-aya","title":{"rendered":"Robe de mari\u00e9e Aya"},"content":{"rendered":"","protected":false},"excerpt":{"rendered":"<p>Robe en Satin Duchesse<br \/>\nOptez pour une allure de princesse chic avec notre robe en satin duchesse.<br \/>\nCol bateau ch\u00e2le \u00e9l\u00e9gant, pour une touche raffin\u00e9e.<br \/>\nCeinture travaill\u00e9e mettant en valeur la taille.<br \/>\nJupe \u00e9vas\u00e9e avec poches pratiques pour un confort optimal.<\/p>\n","protected":false},"featured_media":237,"comment_status":"open","ping_status":"closed","template":"","meta":[],"product_cat":[22],"product_tag":[],"class_list":{"0":"post-126","1":"product","2":"type-product","3":"status-publish","4":"has-post-thumbnail","6":"product_cat-la-vie-rose","8":"first","9":"instock","10":"shipping-taxable","11":"product-type-simple"},"_links":{"self":[{"href":"https:\/\/lammariparis.com\/index.php?rest_route=\/wp\/v3\/product\/126","targetHints":{"allow":["GET"]}}],"collection":[{"href":"https:\/\/lammariparis.com\/index.php?rest_route=\/wp\/v3\/product"}],"about":[{"href":"https:\/\/lammariparis.com\/index.php?rest_route=\/wp\/v2\/types\/product"}],"replies":[{"embeddable":true,"href":"https:\/\/lammariparis.com\/index.php?rest_route=%2Fwp%2Fv2%2Fcomments&post=126"}],"wp:featuredmedia":[{"embeddable":true,"href":"https:\/\/lammariparis.com\/index.php?rest_route=\/wp\/v2\/media\/237"}],"wp:attachment":[{"href":"https:\/\/lammariparis.com\/index.php?rest_route=%2Fwp%2Fv2%2Fmedia&parent=126"}],"wp:term":[{"taxonomy":"product_cat","embeddable":true,"href":"https:\/\/lammariparis.com\/index.php?rest_route=%2Fwp%2Fv2%2Fproduct_cat&post=126"},{"taxonomy":"product_tag","embeddable":true,"href":"https:\/\/lammariparis.com\/index.php?rest_route=%2Fwp%2Fv2%2Fproduct_tag&post=126"}],"curies":[{"name":"wp","href":"https:\/\/api.w.org\/{rel}","templated":true}]}}