{"id":128,"date":"2025-04-09T21:18:46","date_gmt":"2025-04-09T21:18:46","guid":{"rendered":"https:\/\/lp.top-site.com.ua\/?post_type=product&#038;p=128"},"modified":"2025-04-12T19:48:43","modified_gmt":"2025-04-12T19:48:43","slug":"robe-de-mariee-combi-chloe","status":"publish","type":"product","link":"https:\/\/lammariparis.com\/?product=robe-de-mariee-combi-chloe","title":{"rendered":"Combinaison marie\u0301e  Chlo\u00e9"},"content":{"rendered":"","protected":false},"excerpt":{"rendered":"<p>La combinaison CHLO\u00c9 associe \u00e9l\u00e9gance et modernit\u00e9.<br \/>\nHaut en guipure perl\u00e9e avec fines bretelles perl\u00e9es crois\u00e9es pour une allure chic.<br \/>\nPantalon en dentelle enti\u00e8rement travaill\u00e9, s&rsquo;ajustant parfaitement \u00e0 votre silhouette.<br \/>\nSurjupe en tulle de soie perl\u00e9e pour une touche romantique.<br \/>\nId\u00e9ale pour la mari\u00e9e contemporaine \u00e0 la recherche de confort et de style.<\/p>\n","protected":false},"featured_media":242,"comment_status":"open","ping_status":"closed","template":"","meta":[],"product_cat":[22],"product_tag":[],"class_list":{"0":"post-128","1":"product","2":"type-product","3":"status-publish","4":"has-post-thumbnail","6":"product_cat-la-vie-rose","8":"first","9":"instock","10":"shipping-taxable","11":"product-type-simple"},"_links":{"self":[{"href":"https:\/\/lammariparis.com\/index.php?rest_route=\/wp\/v3\/product\/128","targetHints":{"allow":["GET"]}}],"collection":[{"href":"https:\/\/lammariparis.com\/index.php?rest_route=\/wp\/v3\/product"}],"about":[{"href":"https:\/\/lammariparis.com\/index.php?rest_route=\/wp\/v2\/types\/product"}],"replies":[{"embeddable":true,"href":"https:\/\/lammariparis.com\/index.php?rest_route=%2Fwp%2Fv2%2Fcomments&post=128"}],"wp:featuredmedia":[{"embeddable":true,"href":"https:\/\/lammariparis.com\/index.php?rest_route=\/wp\/v2\/media\/242"}],"wp:attachment":[{"href":"https:\/\/lammariparis.com\/index.php?rest_route=%2Fwp%2Fv2%2Fmedia&parent=128"}],"wp:term":[{"taxonomy":"product_cat","embeddable":true,"href":"https:\/\/lammariparis.com\/index.php?rest_route=%2Fwp%2Fv2%2Fproduct_cat&post=128"},{"taxonomy":"product_tag","embeddable":true,"href":"https:\/\/lammariparis.com\/index.php?rest_route=%2Fwp%2Fv2%2Fproduct_tag&post=128"}],"curies":[{"name":"wp","href":"https:\/\/api.w.org\/{rel}","templated":true}]}}