{"id":139,"date":"2025-04-09T21:19:07","date_gmt":"2025-04-09T21:19:07","guid":{"rendered":"https:\/\/lp.top-site.com.ua\/?post_type=product&#038;p=139"},"modified":"2025-04-12T19:58:36","modified_gmt":"2025-04-12T19:58:36","slug":"robe-de-mariee-kiara","status":"publish","type":"product","link":"https:\/\/lammariparis.com\/?product=robe-de-mariee-kiara","title":{"rendered":"Robe de mari\u00e9e Kiara"},"content":{"rendered":"","protected":false},"excerpt":{"rendered":"<p>Robe Sir\u00e8ne en Dentelle Perl\u00e9e<\/p>\n<p>D\u00e9couvrez notre robe sir\u00e8ne haute couture, enti\u00e8rement en dentelle perl\u00e9e.<br \/>\nD\u00e9collet\u00e9 profond au dos, ajoutant une touche s\u00e9duisante. Surjupe en tulle de soie pour une allure romantique et a\u00e9rienne.<\/p>\n<p>Parfaite pour une entr\u00e9e spectaculaire le jour de votre mariage !<\/p>\n","protected":false},"featured_media":247,"comment_status":"open","ping_status":"closed","template":"","meta":[],"product_cat":[22],"product_tag":[],"class_list":{"0":"post-139","1":"product","2":"type-product","3":"status-publish","4":"has-post-thumbnail","6":"product_cat-la-vie-rose","8":"first","9":"instock","10":"shipping-taxable","11":"product-type-simple"},"_links":{"self":[{"href":"https:\/\/lammariparis.com\/index.php?rest_route=\/wp\/v3\/product\/139","targetHints":{"allow":["GET"]}}],"collection":[{"href":"https:\/\/lammariparis.com\/index.php?rest_route=\/wp\/v3\/product"}],"about":[{"href":"https:\/\/lammariparis.com\/index.php?rest_route=\/wp\/v2\/types\/product"}],"replies":[{"embeddable":true,"href":"https:\/\/lammariparis.com\/index.php?rest_route=%2Fwp%2Fv2%2Fcomments&post=139"}],"wp:featuredmedia":[{"embeddable":true,"href":"https:\/\/lammariparis.com\/index.php?rest_route=\/wp\/v2\/media\/247"}],"wp:attachment":[{"href":"https:\/\/lammariparis.com\/index.php?rest_route=%2Fwp%2Fv2%2Fmedia&parent=139"}],"wp:term":[{"taxonomy":"product_cat","embeddable":true,"href":"https:\/\/lammariparis.com\/index.php?rest_route=%2Fwp%2Fv2%2Fproduct_cat&post=139"},{"taxonomy":"product_tag","embeddable":true,"href":"https:\/\/lammariparis.com\/index.php?rest_route=%2Fwp%2Fv2%2Fproduct_tag&post=139"}],"curies":[{"name":"wp","href":"https:\/\/api.w.org\/{rel}","templated":true}]}}