{"id":166,"date":"2025-04-09T21:20:09","date_gmt":"2025-04-09T21:20:09","guid":{"rendered":"https:\/\/lp.top-site.com.ua\/?post_type=product&#038;p=166"},"modified":"2025-04-12T20:11:25","modified_gmt":"2025-04-12T20:11:25","slug":"robe-de-mariee-stella","status":"publish","type":"product","link":"https:\/\/lammariparis.com\/?product=robe-de-mariee-stella","title":{"rendered":"Robe de mari\u00e9e Stella"},"content":{"rendered":"","protected":false},"excerpt":{"rendered":"<p>D\u00e9couvrez notre robe en satin minimaliste, drap\u00e9e avec \u00e9l\u00e9gance. Fente ravissante pour une touche de sophistication. Id\u00e9ale pour la mari\u00e9e moderne qui souhaite un look chic et \u00e9pur\u00e9.<\/p>\n","protected":false},"featured_media":262,"comment_status":"open","ping_status":"closed","template":"","meta":[],"product_cat":[22],"product_tag":[],"class_list":{"0":"post-166","1":"product","2":"type-product","3":"status-publish","4":"has-post-thumbnail","6":"product_cat-la-vie-rose","8":"first","9":"instock","10":"shipping-taxable","11":"product-type-simple"},"_links":{"self":[{"href":"https:\/\/lammariparis.com\/index.php?rest_route=\/wp\/v3\/product\/166","targetHints":{"allow":["GET"]}}],"collection":[{"href":"https:\/\/lammariparis.com\/index.php?rest_route=\/wp\/v3\/product"}],"about":[{"href":"https:\/\/lammariparis.com\/index.php?rest_route=\/wp\/v2\/types\/product"}],"replies":[{"embeddable":true,"href":"https:\/\/lammariparis.com\/index.php?rest_route=%2Fwp%2Fv2%2Fcomments&post=166"}],"wp:featuredmedia":[{"embeddable":true,"href":"https:\/\/lammariparis.com\/index.php?rest_route=\/wp\/v2\/media\/262"}],"wp:attachment":[{"href":"https:\/\/lammariparis.com\/index.php?rest_route=%2Fwp%2Fv2%2Fmedia&parent=166"}],"wp:term":[{"taxonomy":"product_cat","embeddable":true,"href":"https:\/\/lammariparis.com\/index.php?rest_route=%2Fwp%2Fv2%2Fproduct_cat&post=166"},{"taxonomy":"product_tag","embeddable":true,"href":"https:\/\/lammariparis.com\/index.php?rest_route=%2Fwp%2Fv2%2Fproduct_tag&post=166"}],"curies":[{"name":"wp","href":"https:\/\/api.w.org\/{rel}","templated":true}]}}