{"id":18,"date":"2025-04-09T22:00:15","date_gmt":"2025-04-09T22:00:15","guid":{"rendered":"https:\/\/lp.top-site.com.ua\/?post_type=product&#038;p=18"},"modified":"2025-04-12T19:30:25","modified_gmt":"2025-04-12T19:30:25","slug":"mia","status":"publish","type":"product","link":"https:\/\/lammariparis.com\/?product=mia","title":{"rendered":"MIA"},"content":{"rendered":"","protected":false},"excerpt":{"rendered":"<p>Robe boh\u00e8me chic en mousseline avec un haut en dentelle floral finement perl\u00e9e un d\u00e9collet\u00e9 plongeant, dos nus en grand V une belle tra\u00eene.<\/p>\n<p><strong>FAQ<\/strong><\/p>\n<p><strong>Puis-je personnalis\u00e9 ce mod\u00e8le de robe de mari\u00e9e ?<\/strong><\/p>\n<ul>\n<li>Oui, rajouter une tra\u00eene.<\/li>\n<\/ul>\n","protected":false},"featured_media":48,"comment_status":"closed","ping_status":"closed","template":"","meta":[],"product_cat":[28],"product_tag":[],"class_list":{"0":"post-18","1":"product","2":"type-product","3":"status-publish","4":"has-post-thumbnail","6":"product_cat-la-romantique","8":"first","9":"instock","10":"shipping-taxable","11":"product-type-simple"},"_links":{"self":[{"href":"https:\/\/lammariparis.com\/index.php?rest_route=\/wp\/v3\/product\/18","targetHints":{"allow":["GET"]}}],"collection":[{"href":"https:\/\/lammariparis.com\/index.php?rest_route=\/wp\/v3\/product"}],"about":[{"href":"https:\/\/lammariparis.com\/index.php?rest_route=\/wp\/v2\/types\/product"}],"replies":[{"embeddable":true,"href":"https:\/\/lammariparis.com\/index.php?rest_route=%2Fwp%2Fv2%2Fcomments&post=18"}],"wp:featuredmedia":[{"embeddable":true,"href":"https:\/\/lammariparis.com\/index.php?rest_route=\/wp\/v2\/media\/48"}],"wp:attachment":[{"href":"https:\/\/lammariparis.com\/index.php?rest_route=%2Fwp%2Fv2%2Fmedia&parent=18"}],"wp:term":[{"taxonomy":"product_cat","embeddable":true,"href":"https:\/\/lammariparis.com\/index.php?rest_route=%2Fwp%2Fv2%2Fproduct_cat&post=18"},{"taxonomy":"product_tag","embeddable":true,"href":"https:\/\/lammariparis.com\/index.php?rest_route=%2Fwp%2Fv2%2Fproduct_tag&post=18"}],"curies":[{"name":"wp","href":"https:\/\/api.w.org\/{rel}","templated":true}]}}