{"id":21,"date":"2025-04-09T21:55:15","date_gmt":"2025-04-09T21:55:15","guid":{"rendered":"https:\/\/lp.top-site.com.ua\/?post_type=product&#038;p=21"},"modified":"2025-04-12T19:31:08","modified_gmt":"2025-04-12T19:31:08","slug":"adele","status":"publish","type":"product","link":"https:\/\/lammariparis.com\/?product=adele","title":{"rendered":"ADELE"},"content":{"rendered":"","protected":false},"excerpt":{"rendered":"<p>Robe de mari\u00e9e \u00e9pur\u00e9e &amp; intemporelle<\/p>\n<p>Notre cr\u00e9ation Ad\u00e8le confectionn\u00e9 uniquement en satin duchesse. Magnifique robe de mari\u00e9e en col bateau, sensuelle avec ses \u00e9paules d\u00e9nud\u00e9es. Ajust\u00e9e parfaitement avec un corsage dans le dos, une somptueuse jupe &amp; une belle tra\u00eene cr\u00e9ant un effet romantique.<\/p>\n<p>&nbsp;<\/p>\n<p><strong>FAQS<\/strong><\/p>\n<p><strong>Puis-je personnalis\u00e9 ce mod\u00e8le de robe de mari\u00e9e ?<\/strong><\/p>\n<ul>\n<li>Oui, il est possible de modifier la forme du col et retoucher la longueur de la tra\u00eene.<\/li>\n<\/ul>\n<p><strong>Puis-je choisir ma couleur ?\u00a0<\/strong><\/p>\n<ul>\n<li>Oui, blanc naturel, ivoire &amp; blanc neige.<\/li>\n<\/ul>\n","protected":false},"featured_media":60,"comment_status":"closed","ping_status":"closed","template":"","meta":[],"product_cat":[28],"product_tag":[],"class_list":{"0":"post-21","1":"product","2":"type-product","3":"status-publish","4":"has-post-thumbnail","6":"product_cat-la-romantique","8":"first","9":"instock","10":"shipping-taxable","11":"product-type-simple"},"_links":{"self":[{"href":"https:\/\/lammariparis.com\/index.php?rest_route=\/wp\/v3\/product\/21","targetHints":{"allow":["GET"]}}],"collection":[{"href":"https:\/\/lammariparis.com\/index.php?rest_route=\/wp\/v3\/product"}],"about":[{"href":"https:\/\/lammariparis.com\/index.php?rest_route=\/wp\/v2\/types\/product"}],"replies":[{"embeddable":true,"href":"https:\/\/lammariparis.com\/index.php?rest_route=%2Fwp%2Fv2%2Fcomments&post=21"}],"wp:featuredmedia":[{"embeddable":true,"href":"https:\/\/lammariparis.com\/index.php?rest_route=\/wp\/v2\/media\/60"}],"wp:attachment":[{"href":"https:\/\/lammariparis.com\/index.php?rest_route=%2Fwp%2Fv2%2Fmedia&parent=21"}],"wp:term":[{"taxonomy":"product_cat","embeddable":true,"href":"https:\/\/lammariparis.com\/index.php?rest_route=%2Fwp%2Fv2%2Fproduct_cat&post=21"},{"taxonomy":"product_tag","embeddable":true,"href":"https:\/\/lammariparis.com\/index.php?rest_route=%2Fwp%2Fv2%2Fproduct_tag&post=21"}],"curies":[{"name":"wp","href":"https:\/\/api.w.org\/{rel}","templated":true}]}}