{"id":23,"date":"2025-04-09T21:16:16","date_gmt":"2025-04-09T21:16:16","guid":{"rendered":"https:\/\/lp.top-site.com.ua\/?post_type=product&#038;p=23"},"modified":"2025-04-12T15:03:04","modified_gmt":"2025-04-12T15:03:04","slug":"diane","status":"publish","type":"product","link":"https:\/\/lammariparis.com\/?product=diane","title":{"rendered":"DIANE"},"content":{"rendered":"","protected":false},"excerpt":{"rendered":"<p>Robe de mari\u00e9e Boh\u00e8me<\/p>\n<p>Plongez dans l&rsquo;\u00e9l\u00e9gance intemporelle de notre robe de mari\u00e9e Diane, une robe boh\u00e8me confectionn\u00e9e de dentelle de Chantilly. Son bustier crois\u00e9 et ses fines bretelles perl\u00e9es r\u00e9v\u00e9lant un dos nu en V boutonn\u00e9. Sa jupe fluide en tulle de soie &amp; sa sublime tra\u00eene viennent compl\u00e9ter cette cr\u00e9ation.<\/p>\n<p>&nbsp;<\/p>\n<p><strong>FAQ<\/strong><\/p>\n<div class=\"woocommerce-product-details__short-description\">\n<p><strong>Puis-je personnalis\u00e9 ce mod\u00e8le de robe de mari\u00e9e ?<\/strong><\/p>\n<ul>\n<li>Non.<\/li>\n<\/ul>\n<\/div>\n<div class=\"product_meta\"><\/div>\n","protected":false},"featured_media":66,"comment_status":"closed","ping_status":"closed","template":"","meta":[],"product_cat":[30],"product_tag":[],"class_list":{"0":"post-23","1":"product","2":"type-product","3":"status-publish","4":"has-post-thumbnail","6":"product_cat-robe-boheme-chic","8":"first","9":"instock","10":"shipping-taxable","11":"product-type-simple"},"_links":{"self":[{"href":"https:\/\/lammariparis.com\/index.php?rest_route=\/wp\/v3\/product\/23","targetHints":{"allow":["GET"]}}],"collection":[{"href":"https:\/\/lammariparis.com\/index.php?rest_route=\/wp\/v3\/product"}],"about":[{"href":"https:\/\/lammariparis.com\/index.php?rest_route=\/wp\/v2\/types\/product"}],"replies":[{"embeddable":true,"href":"https:\/\/lammariparis.com\/index.php?rest_route=%2Fwp%2Fv2%2Fcomments&post=23"}],"wp:featuredmedia":[{"embeddable":true,"href":"https:\/\/lammariparis.com\/index.php?rest_route=\/wp\/v2\/media\/66"}],"wp:attachment":[{"href":"https:\/\/lammariparis.com\/index.php?rest_route=%2Fwp%2Fv2%2Fmedia&parent=23"}],"wp:term":[{"taxonomy":"product_cat","embeddable":true,"href":"https:\/\/lammariparis.com\/index.php?rest_route=%2Fwp%2Fv2%2Fproduct_cat&post=23"},{"taxonomy":"product_tag","embeddable":true,"href":"https:\/\/lammariparis.com\/index.php?rest_route=%2Fwp%2Fv2%2Fproduct_tag&post=23"}],"curies":[{"name":"wp","href":"https:\/\/api.w.org\/{rel}","templated":true}]}}