{"id":24,"date":"2025-04-09T21:16:16","date_gmt":"2025-04-09T21:16:16","guid":{"rendered":"https:\/\/lp.top-site.com.ua\/?post_type=product&#038;p=24"},"modified":"2025-04-12T15:03:59","modified_gmt":"2025-04-12T15:03:59","slug":"lyana","status":"publish","type":"product","link":"https:\/\/lammariparis.com\/?product=lyana","title":{"rendered":"LYANA"},"content":{"rendered":"","protected":false},"excerpt":{"rendered":"<p>D\u00e9couvrez notre robe de mari\u00e9e boh\u00e8me Lyana, un bustier avec des\u00a0armatures sublim\u00e9 par une dentelle perl\u00e9e. Sa jupe en tulle de soie orn\u00e9e d&rsquo;une dentelle travaill\u00e9e et sa petite traine ajoutent une touche d&rsquo;\u00e9l\u00e9gance \u00e0 cette cr\u00e9ation.<\/p>\n<p>&nbsp;<\/p>\n<p><strong>FAQS<\/strong><\/p>\n<p><strong>Puis-je personnalis\u00e9 cette robe ?\u00a0<\/strong><\/p>\n<ul>\n<li>Oui, il est possible de modifier la forme du col et retoucher la longueur de la tra\u00eene.<\/li>\n<\/ul>\n<p><strong>Puis-je choisir ma couleur ?\u00a0<\/strong><\/p>\n<ul>\n<li>Oui,<\/li>\n<\/ul>\n","protected":false},"featured_media":76,"comment_status":"closed","ping_status":"closed","template":"","meta":[],"product_cat":[30],"product_tag":[],"class_list":{"0":"post-24","1":"product","2":"type-product","3":"status-publish","4":"has-post-thumbnail","6":"product_cat-robe-boheme-chic","8":"first","9":"instock","10":"shipping-taxable","11":"product-type-simple"},"_links":{"self":[{"href":"https:\/\/lammariparis.com\/index.php?rest_route=\/wp\/v3\/product\/24","targetHints":{"allow":["GET"]}}],"collection":[{"href":"https:\/\/lammariparis.com\/index.php?rest_route=\/wp\/v3\/product"}],"about":[{"href":"https:\/\/lammariparis.com\/index.php?rest_route=\/wp\/v2\/types\/product"}],"replies":[{"embeddable":true,"href":"https:\/\/lammariparis.com\/index.php?rest_route=%2Fwp%2Fv2%2Fcomments&post=24"}],"wp:featuredmedia":[{"embeddable":true,"href":"https:\/\/lammariparis.com\/index.php?rest_route=\/wp\/v2\/media\/76"}],"wp:attachment":[{"href":"https:\/\/lammariparis.com\/index.php?rest_route=%2Fwp%2Fv2%2Fmedia&parent=24"}],"wp:term":[{"taxonomy":"product_cat","embeddable":true,"href":"https:\/\/lammariparis.com\/index.php?rest_route=%2Fwp%2Fv2%2Fproduct_cat&post=24"},{"taxonomy":"product_tag","embeddable":true,"href":"https:\/\/lammariparis.com\/index.php?rest_route=%2Fwp%2Fv2%2Fproduct_tag&post=24"}],"curies":[{"name":"wp","href":"https:\/\/api.w.org\/{rel}","templated":true}]}}