{"id":26,"date":"2025-04-09T21:50:16","date_gmt":"2025-04-09T21:50:16","guid":{"rendered":"https:\/\/lp.top-site.com.ua\/?post_type=product&#038;p=26"},"modified":"2025-04-12T19:31:45","modified_gmt":"2025-04-12T19:31:45","slug":"camille","status":"publish","type":"product","link":"https:\/\/lammariparis.com\/?product=camille","title":{"rendered":"CAMILLE"},"content":{"rendered":"","protected":false},"excerpt":{"rendered":"<p>D\u00e9couvrez Camille, notre robe de mari\u00e9e princesse en\u00a0col bateau drap\u00e9 crois\u00e9, une cr\u00e9ation \u00e0 la fois \u00e9pur\u00e9e et chic. Elle est r\u00e9alis\u00e9e int\u00e9gralement en satin duchesse, accompagn\u00e9 d&rsquo;une magnifique longue tra\u00eene.<\/p>\n<p><strong>FAQ<\/strong><\/p>\n<p><strong>Puis-je personnalis\u00e9 ce mod\u00e8le de robe de mari\u00e9e ?<\/strong><\/p>\n<ul>\n<li>Oui, il est possible de modifier la longueur de la tra\u00eene.<\/li>\n<\/ul>\n","protected":false},"featured_media":80,"comment_status":"closed","ping_status":"closed","template":"","meta":[],"product_cat":[28],"product_tag":[],"class_list":{"0":"post-26","1":"product","2":"type-product","3":"status-publish","4":"has-post-thumbnail","6":"product_cat-la-romantique","8":"first","9":"instock","10":"shipping-taxable","11":"product-type-simple"},"_links":{"self":[{"href":"https:\/\/lammariparis.com\/index.php?rest_route=\/wp\/v3\/product\/26","targetHints":{"allow":["GET"]}}],"collection":[{"href":"https:\/\/lammariparis.com\/index.php?rest_route=\/wp\/v3\/product"}],"about":[{"href":"https:\/\/lammariparis.com\/index.php?rest_route=\/wp\/v2\/types\/product"}],"replies":[{"embeddable":true,"href":"https:\/\/lammariparis.com\/index.php?rest_route=%2Fwp%2Fv2%2Fcomments&post=26"}],"wp:featuredmedia":[{"embeddable":true,"href":"https:\/\/lammariparis.com\/index.php?rest_route=\/wp\/v2\/media\/80"}],"wp:attachment":[{"href":"https:\/\/lammariparis.com\/index.php?rest_route=%2Fwp%2Fv2%2Fmedia&parent=26"}],"wp:term":[{"taxonomy":"product_cat","embeddable":true,"href":"https:\/\/lammariparis.com\/index.php?rest_route=%2Fwp%2Fv2%2Fproduct_cat&post=26"},{"taxonomy":"product_tag","embeddable":true,"href":"https:\/\/lammariparis.com\/index.php?rest_route=%2Fwp%2Fv2%2Fproduct_tag&post=26"}],"curies":[{"name":"wp","href":"https:\/\/api.w.org\/{rel}","templated":true}]}}