{"id":27,"date":"2025-04-09T21:16:16","date_gmt":"2025-04-09T21:16:16","guid":{"rendered":"https:\/\/lp.top-site.com.ua\/?post_type=product&#038;p=27"},"modified":"2025-04-12T14:28:22","modified_gmt":"2025-04-12T14:28:22","slug":"melanie","status":"publish","type":"product","link":"https:\/\/lammariparis.com\/?product=melanie","title":{"rendered":"MELANIE"},"content":{"rendered":"","protected":false},"excerpt":{"rendered":"<p>Robe de mari\u00e9e princesse enti\u00e8rement en tulle brod\u00e9.<\/p>\n<p>Un d\u00e9collet\u00e9 illusion et une dentelle perl\u00e9e refl\u00e8te un magnifique feuillage tombant.<\/p>\n<p>&nbsp;<\/p>\n<p><strong>FAQ<\/strong><\/p>\n<p><strong>Puis-je personnalis\u00e9 ce mod\u00e8le de robe de mari\u00e9e ?<\/strong><\/p>\n<ul>\n<li>Oui, seulement rajouter une tra\u00eene.<\/li>\n<\/ul>\n","protected":false},"featured_media":84,"comment_status":"closed","ping_status":"closed","template":"","meta":[],"product_cat":[30],"product_tag":[],"class_list":{"0":"post-27","1":"product","2":"type-product","3":"status-publish","4":"has-post-thumbnail","6":"product_cat-robe-boheme-chic","8":"first","9":"instock","10":"shipping-taxable","11":"product-type-simple"},"_links":{"self":[{"href":"https:\/\/lammariparis.com\/index.php?rest_route=\/wp\/v3\/product\/27","targetHints":{"allow":["GET"]}}],"collection":[{"href":"https:\/\/lammariparis.com\/index.php?rest_route=\/wp\/v3\/product"}],"about":[{"href":"https:\/\/lammariparis.com\/index.php?rest_route=\/wp\/v2\/types\/product"}],"replies":[{"embeddable":true,"href":"https:\/\/lammariparis.com\/index.php?rest_route=%2Fwp%2Fv2%2Fcomments&post=27"}],"wp:featuredmedia":[{"embeddable":true,"href":"https:\/\/lammariparis.com\/index.php?rest_route=\/wp\/v2\/media\/84"}],"wp:attachment":[{"href":"https:\/\/lammariparis.com\/index.php?rest_route=%2Fwp%2Fv2%2Fmedia&parent=27"}],"wp:term":[{"taxonomy":"product_cat","embeddable":true,"href":"https:\/\/lammariparis.com\/index.php?rest_route=%2Fwp%2Fv2%2Fproduct_cat&post=27"},{"taxonomy":"product_tag","embeddable":true,"href":"https:\/\/lammariparis.com\/index.php?rest_route=%2Fwp%2Fv2%2Fproduct_tag&post=27"}],"curies":[{"name":"wp","href":"https:\/\/api.w.org\/{rel}","templated":true}]}}