{"id":30,"date":"2025-04-09T21:16:16","date_gmt":"2025-04-09T21:16:16","guid":{"rendered":"https:\/\/lp.top-site.com.ua\/?post_type=product&#038;p=30"},"modified":"2025-04-12T16:21:58","modified_gmt":"2025-04-12T16:21:58","slug":"rym","status":"publish","type":"product","link":"https:\/\/lammariparis.com\/?product=rym","title":{"rendered":"RYM"},"content":{"rendered":"","protected":false},"excerpt":{"rendered":"<p>D\u00e9couvrez Rym, notre robe de mari\u00e9e princesse glamour chic, son corsage est orn\u00e9e de broderie florale en 3d accompagn\u00e9 de perlage, elle pr\u00e9sente un d\u00e9collet\u00e9 en coeur profond et de d\u00e9licates bretelles, un dos nu ainsi qu&rsquo;une jupe fluide en tulle de soie avec une jolie fente.<\/p>\n<p><strong>FAQ<\/strong><\/p>\n<p><strong>Puis-je personnalis\u00e9 ce mod\u00e8le de robe de mari\u00e9e ?<\/strong><\/p>\n<ul>\n<li>Oui, seulement le d\u00e9collet\u00e9.<\/li>\n<\/ul>\n","protected":false},"featured_media":96,"comment_status":"closed","ping_status":"closed","template":"","meta":[],"product_cat":[30],"product_tag":[],"class_list":{"0":"post-30","1":"product","2":"type-product","3":"status-publish","4":"has-post-thumbnail","6":"product_cat-robe-boheme-chic","8":"first","9":"instock","10":"shipping-taxable","11":"product-type-simple"},"_links":{"self":[{"href":"https:\/\/lammariparis.com\/index.php?rest_route=\/wp\/v3\/product\/30","targetHints":{"allow":["GET"]}}],"collection":[{"href":"https:\/\/lammariparis.com\/index.php?rest_route=\/wp\/v3\/product"}],"about":[{"href":"https:\/\/lammariparis.com\/index.php?rest_route=\/wp\/v2\/types\/product"}],"replies":[{"embeddable":true,"href":"https:\/\/lammariparis.com\/index.php?rest_route=%2Fwp%2Fv2%2Fcomments&post=30"}],"wp:featuredmedia":[{"embeddable":true,"href":"https:\/\/lammariparis.com\/index.php?rest_route=\/wp\/v2\/media\/96"}],"wp:attachment":[{"href":"https:\/\/lammariparis.com\/index.php?rest_route=%2Fwp%2Fv2%2Fmedia&parent=30"}],"wp:term":[{"taxonomy":"product_cat","embeddable":true,"href":"https:\/\/lammariparis.com\/index.php?rest_route=%2Fwp%2Fv2%2Fproduct_cat&post=30"},{"taxonomy":"product_tag","embeddable":true,"href":"https:\/\/lammariparis.com\/index.php?rest_route=%2Fwp%2Fv2%2Fproduct_tag&post=30"}],"curies":[{"name":"wp","href":"https:\/\/api.w.org\/{rel}","templated":true}]}}