{"id":31,"date":"2025-04-09T21:16:16","date_gmt":"2025-04-09T21:16:16","guid":{"rendered":"https:\/\/lp.top-site.com.ua\/?post_type=product&#038;p=31"},"modified":"2025-04-12T14:33:04","modified_gmt":"2025-04-12T14:33:04","slug":"emma","status":"publish","type":"product","link":"https:\/\/lammariparis.com\/?product=emma","title":{"rendered":"EMMA"},"content":{"rendered":"","protected":false},"excerpt":{"rendered":"<p>Robe de mari\u00e9e princesse Emma<\/p>\n<p>D\u00e9couvrez notre cr\u00e9ation Emma, une robe de mari\u00e9e princesse au d\u00e9collet\u00e9 plongeant en forme de coeur. Sa jupe \u00e9vas\u00e9e en tulle, orn\u00e9e de guipure, est accompagn\u00e9e d&rsquo;une l\u00e9g\u00e8re tra\u00eene courte pour une \u00e9l\u00e9gance raffin\u00e9e.<\/p>\n<p>&nbsp;<\/p>\n<p><strong>FAQS<\/strong><\/p>\n<p><strong>Puis-je personnalis\u00e9 ce mod\u00e8le de robe de mari\u00e9e ?<\/strong><\/p>\n<ul>\n<li>Oui, rallonger la tra\u00eene.<\/li>\n<\/ul>\n<p><strong>Puis-je choisir la couleur de ma robe de mari\u00e9e ?\u00a0<\/strong><\/p>\n<ul>\n<li>Non.<\/li>\n<\/ul>\n<p>&nbsp;<\/p>\n","protected":false},"featured_media":105,"comment_status":"closed","ping_status":"closed","template":"","meta":[],"product_cat":[30],"product_tag":[],"class_list":{"0":"post-31","1":"product","2":"type-product","3":"status-publish","4":"has-post-thumbnail","6":"product_cat-robe-boheme-chic","8":"first","9":"instock","10":"shipping-taxable","11":"product-type-simple"},"_links":{"self":[{"href":"https:\/\/lammariparis.com\/index.php?rest_route=\/wp\/v3\/product\/31","targetHints":{"allow":["GET"]}}],"collection":[{"href":"https:\/\/lammariparis.com\/index.php?rest_route=\/wp\/v3\/product"}],"about":[{"href":"https:\/\/lammariparis.com\/index.php?rest_route=\/wp\/v2\/types\/product"}],"replies":[{"embeddable":true,"href":"https:\/\/lammariparis.com\/index.php?rest_route=%2Fwp%2Fv2%2Fcomments&post=31"}],"wp:featuredmedia":[{"embeddable":true,"href":"https:\/\/lammariparis.com\/index.php?rest_route=\/wp\/v2\/media\/105"}],"wp:attachment":[{"href":"https:\/\/lammariparis.com\/index.php?rest_route=%2Fwp%2Fv2%2Fmedia&parent=31"}],"wp:term":[{"taxonomy":"product_cat","embeddable":true,"href":"https:\/\/lammariparis.com\/index.php?rest_route=%2Fwp%2Fv2%2Fproduct_cat&post=31"},{"taxonomy":"product_tag","embeddable":true,"href":"https:\/\/lammariparis.com\/index.php?rest_route=%2Fwp%2Fv2%2Fproduct_tag&post=31"}],"curies":[{"name":"wp","href":"https:\/\/api.w.org\/{rel}","templated":true}]}}