{"id":33,"date":"2025-04-09T21:45:17","date_gmt":"2025-04-09T21:45:17","guid":{"rendered":"https:\/\/lp.top-site.com.ua\/?post_type=product&#038;p=33"},"modified":"2025-04-12T19:32:19","modified_gmt":"2025-04-12T19:32:19","slug":"barbara","status":"publish","type":"product","link":"https:\/\/lammariparis.com\/?product=barbara","title":{"rendered":"BARBARA"},"content":{"rendered":"","protected":false},"excerpt":{"rendered":"<p>Robe de mari\u00e9e sir\u00e8ne<\/p>\n<p>D\u00e9couvrez Barbara, notre sublime robe de mari\u00e9e sir\u00e8ne enti\u00e8rement orn\u00e9e de dentelle perl\u00e9e. Son bustier dessin\u00e9 en forme de c\u0153ur, s&rsquo;accompagne de bretelles tombantes \u00e9l\u00e9gamment travaill\u00e9es, ajoutant une touche de gr\u00e2ce \u00e0 cette cr\u00e9ation raffin\u00e9e.<\/p>\n<p>&nbsp;<\/p>\n<p><strong>FAQ<\/strong><\/p>\n<p><strong>Puis-je personnalis\u00e9 ce mod\u00e8le de robe de mari\u00e9e ?<\/strong><\/p>\n<ul>\n<li>Oui, possibilit\u00e9 de retouche.<\/li>\n<\/ul>\n","protected":false},"featured_media":111,"comment_status":"closed","ping_status":"closed","template":"","meta":[],"product_cat":[28],"product_tag":[],"class_list":{"0":"post-33","1":"product","2":"type-product","3":"status-publish","4":"has-post-thumbnail","6":"product_cat-la-romantique","8":"first","9":"instock","10":"shipping-taxable","11":"product-type-simple"},"_links":{"self":[{"href":"https:\/\/lammariparis.com\/index.php?rest_route=\/wp\/v3\/product\/33","targetHints":{"allow":["GET"]}}],"collection":[{"href":"https:\/\/lammariparis.com\/index.php?rest_route=\/wp\/v3\/product"}],"about":[{"href":"https:\/\/lammariparis.com\/index.php?rest_route=\/wp\/v2\/types\/product"}],"replies":[{"embeddable":true,"href":"https:\/\/lammariparis.com\/index.php?rest_route=%2Fwp%2Fv2%2Fcomments&post=33"}],"wp:featuredmedia":[{"embeddable":true,"href":"https:\/\/lammariparis.com\/index.php?rest_route=\/wp\/v2\/media\/111"}],"wp:attachment":[{"href":"https:\/\/lammariparis.com\/index.php?rest_route=%2Fwp%2Fv2%2Fmedia&parent=33"}],"wp:term":[{"taxonomy":"product_cat","embeddable":true,"href":"https:\/\/lammariparis.com\/index.php?rest_route=%2Fwp%2Fv2%2Fproduct_cat&post=33"},{"taxonomy":"product_tag","embeddable":true,"href":"https:\/\/lammariparis.com\/index.php?rest_route=%2Fwp%2Fv2%2Fproduct_tag&post=33"}],"curies":[{"name":"wp","href":"https:\/\/api.w.org\/{rel}","templated":true}]}}