{"id":43,"date":"2025-04-09T21:16:18","date_gmt":"2025-04-09T21:16:18","guid":{"rendered":"https:\/\/lp.top-site.com.ua\/?post_type=product&#038;p=43"},"modified":"2025-04-12T12:48:28","modified_gmt":"2025-04-12T12:48:28","slug":"amelie","status":"publish","type":"product","link":"https:\/\/lammariparis.com\/?product=amelie","title":{"rendered":"AMELIE"},"content":{"rendered":"","protected":false},"excerpt":{"rendered":"<p>Amelie, magnifique robe de mari\u00e9e princesse.<\/p>\n<p>Cette somptueuse robe princesse pr\u00e9sente un bustier en forme de c\u0153ur habill\u00e9 par une \u00e9l\u00e9gante guipure fran\u00e7aise. Le dos ajust\u00e9 par un corset, une jupe volumineuse et une tra\u00eene d\u00e9licatement orn\u00e9e de dentelle compl\u00e8tent cette cr\u00e9ation raffin\u00e9e et \u00e9l\u00e9gante.<\/p>\n<p><strong>FAQS<\/strong><\/p>\n<p><strong>Puis-je personnalis\u00e9 ce mod\u00e8le de robe de mari\u00e9e ?<\/strong><\/p>\n<ul>\n<li>Oui, vous pouvez rajouter des manches et rallonger la tra\u00eene.<\/li>\n<\/ul>\n<p><strong>Puis-je choisir la couleur de ma robe de mari\u00e9e ?\u00a0<\/strong><\/p>\n<ul>\n<li>Oui, blanc naturel, blanc neige, ivoire &amp; rose poudr\u00e9.<\/li>\n<\/ul>\n","protected":false},"featured_media":150,"comment_status":"closed","ping_status":"closed","template":"","meta":[],"product_cat":[28],"product_tag":[],"class_list":{"0":"post-43","1":"product","2":"type-product","3":"status-publish","4":"has-post-thumbnail","6":"product_cat-la-romantique","8":"first","9":"instock","10":"shipping-taxable","11":"product-type-simple"},"_links":{"self":[{"href":"https:\/\/lammariparis.com\/index.php?rest_route=\/wp\/v3\/product\/43","targetHints":{"allow":["GET"]}}],"collection":[{"href":"https:\/\/lammariparis.com\/index.php?rest_route=\/wp\/v3\/product"}],"about":[{"href":"https:\/\/lammariparis.com\/index.php?rest_route=\/wp\/v2\/types\/product"}],"replies":[{"embeddable":true,"href":"https:\/\/lammariparis.com\/index.php?rest_route=%2Fwp%2Fv2%2Fcomments&post=43"}],"wp:featuredmedia":[{"embeddable":true,"href":"https:\/\/lammariparis.com\/index.php?rest_route=\/wp\/v2\/media\/150"}],"wp:attachment":[{"href":"https:\/\/lammariparis.com\/index.php?rest_route=%2Fwp%2Fv2%2Fmedia&parent=43"}],"wp:term":[{"taxonomy":"product_cat","embeddable":true,"href":"https:\/\/lammariparis.com\/index.php?rest_route=%2Fwp%2Fv2%2Fproduct_cat&post=43"},{"taxonomy":"product_tag","embeddable":true,"href":"https:\/\/lammariparis.com\/index.php?rest_route=%2Fwp%2Fv2%2Fproduct_tag&post=43"}],"curies":[{"name":"wp","href":"https:\/\/api.w.org\/{rel}","templated":true}]}}