{"id":47,"date":"2025-04-09T21:16:18","date_gmt":"2025-04-09T21:16:18","guid":{"rendered":"https:\/\/lp.top-site.com.ua\/?post_type=product&#038;p=47"},"modified":"2025-04-12T14:08:11","modified_gmt":"2025-04-12T14:08:11","slug":"carla","status":"publish","type":"product","link":"https:\/\/lammariparis.com\/?product=carla","title":{"rendered":"CARLA"},"content":{"rendered":"","protected":false},"excerpt":{"rendered":"<p>Combinaison de mari\u00e9e<\/p>\n<p>Plongez dans l&rsquo;\u00e9l\u00e9gance avec notre cr\u00e9ation Carla, pour la mari\u00e9e anticonformiste.<\/p>\n<p>Son haut en guipure fran\u00e7aise d\u00e9voile un d\u00e9collet\u00e9 en V, tandis que le pantalon en cr\u00eape \u00e9pouse la silhouette avec gr\u00e2ce. Son dos en V ajoute une touche sophistiqu\u00e9e \u00e0 cette tenue moderne et raffin\u00e9e, parfaite pour une mari\u00e9e moderne.<\/p>\n<p>&nbsp;<\/p>\n<p><strong>FAQ<\/strong><\/p>\n<p>Puis-je personnalis\u00e9 ce mod\u00e8le de combinaison de mari\u00e9e ?<\/p>\n<ul>\n<li>Oui, modifier le d\u00e9collet\u00e9, rajouter des manches et une sur-jupe.<\/li>\n<\/ul>\n","protected":false},"featured_media":168,"comment_status":"closed","ping_status":"closed","template":"","meta":[],"product_cat":[28,16],"product_tag":[],"class_list":{"0":"post-47","1":"product","2":"type-product","3":"status-publish","4":"has-post-thumbnail","6":"product_cat-la-romantique","7":"product_cat-robes-de-mariee","9":"first","10":"instock","11":"shipping-taxable","12":"product-type-simple"},"_links":{"self":[{"href":"https:\/\/lammariparis.com\/index.php?rest_route=\/wp\/v3\/product\/47","targetHints":{"allow":["GET"]}}],"collection":[{"href":"https:\/\/lammariparis.com\/index.php?rest_route=\/wp\/v3\/product"}],"about":[{"href":"https:\/\/lammariparis.com\/index.php?rest_route=\/wp\/v2\/types\/product"}],"replies":[{"embeddable":true,"href":"https:\/\/lammariparis.com\/index.php?rest_route=%2Fwp%2Fv2%2Fcomments&post=47"}],"wp:featuredmedia":[{"embeddable":true,"href":"https:\/\/lammariparis.com\/index.php?rest_route=\/wp\/v2\/media\/168"}],"wp:attachment":[{"href":"https:\/\/lammariparis.com\/index.php?rest_route=%2Fwp%2Fv2%2Fmedia&parent=47"}],"wp:term":[{"taxonomy":"product_cat","embeddable":true,"href":"https:\/\/lammariparis.com\/index.php?rest_route=%2Fwp%2Fv2%2Fproduct_cat&post=47"},{"taxonomy":"product_tag","embeddable":true,"href":"https:\/\/lammariparis.com\/index.php?rest_route=%2Fwp%2Fv2%2Fproduct_tag&post=47"}],"curies":[{"name":"wp","href":"https:\/\/api.w.org\/{rel}","templated":true}]}}