{"id":504,"date":"2025-04-11T16:37:33","date_gmt":"2025-04-11T16:37:33","guid":{"rendered":"https:\/\/lp.top-site.com.ua\/?post_type=product&#038;p=504"},"modified":"2025-04-12T19:56:11","modified_gmt":"2025-04-12T19:56:11","slug":"robe-de-mariee-alyine","status":"publish","type":"product","link":"https:\/\/lammariparis.com\/?product=robe-de-mariee-alyine","title":{"rendered":"Robe de mari\u00e9e Alyne"},"content":{"rendered":"","protected":false},"excerpt":{"rendered":"<p>Robe en Mikado de Soie<\/p>\n<p>D\u00e9couvrez notre robe en mikado de soie minimaliste .<br \/>\nMagnifique d\u00e9collet\u00e9 en forme de c\u0153ur, soulign\u00e9 par de fines bretelles.<br \/>\nDos nu avec armature pour un maintien parfait.<br \/>\nDot\u00e9e d&rsquo;une superbe tra\u00eene pour un effet spectaculaire.<\/p>\n","protected":false},"featured_media":505,"comment_status":"open","ping_status":"closed","template":"","meta":[],"product_cat":[22],"product_tag":[],"class_list":{"0":"post-504","1":"product","2":"type-product","3":"status-publish","4":"has-post-thumbnail","6":"product_cat-la-vie-rose","8":"first","9":"instock","10":"shipping-taxable","11":"product-type-simple"},"_links":{"self":[{"href":"https:\/\/lammariparis.com\/index.php?rest_route=\/wp\/v3\/product\/504","targetHints":{"allow":["GET"]}}],"collection":[{"href":"https:\/\/lammariparis.com\/index.php?rest_route=\/wp\/v3\/product"}],"about":[{"href":"https:\/\/lammariparis.com\/index.php?rest_route=\/wp\/v2\/types\/product"}],"replies":[{"embeddable":true,"href":"https:\/\/lammariparis.com\/index.php?rest_route=%2Fwp%2Fv2%2Fcomments&post=504"}],"wp:featuredmedia":[{"embeddable":true,"href":"https:\/\/lammariparis.com\/index.php?rest_route=\/wp\/v2\/media\/505"}],"wp:attachment":[{"href":"https:\/\/lammariparis.com\/index.php?rest_route=%2Fwp%2Fv2%2Fmedia&parent=504"}],"wp:term":[{"taxonomy":"product_cat","embeddable":true,"href":"https:\/\/lammariparis.com\/index.php?rest_route=%2Fwp%2Fv2%2Fproduct_cat&post=504"},{"taxonomy":"product_tag","embeddable":true,"href":"https:\/\/lammariparis.com\/index.php?rest_route=%2Fwp%2Fv2%2Fproduct_tag&post=504"}],"curies":[{"name":"wp","href":"https:\/\/api.w.org\/{rel}","templated":true}]}}