{"id":509,"date":"2025-04-11T16:56:26","date_gmt":"2025-04-11T16:56:26","guid":{"rendered":"https:\/\/lp.top-site.com.ua\/?post_type=product&#038;p=509"},"modified":"2025-04-12T20:13:18","modified_gmt":"2025-04-12T20:13:18","slug":"robe-de-mariee-tara","status":"publish","type":"product","link":"https:\/\/lammariparis.com\/?product=robe-de-mariee-tara","title":{"rendered":"Robe de mari\u00e9e Tara"},"content":{"rendered":"","protected":false},"excerpt":{"rendered":"<p>Robe de mari\u00e9e en Cr\u00eape<\/p>\n<p>D\u00e9couvrez notre robe en cr\u00eape, alliant \u00e9l\u00e9gance et raffinement. Manches en dentelle perl\u00e9e pour une touche de d\u00e9licatesse. Tr\u00e8s belle jupe \u00e9vas\u00e9e, offrant un mouvement fluide et gracieux.<\/p>\n<p>Id\u00e9ale pour une mari\u00e9e qui souhaite afficher une allure chic et intemporelle !<\/p>\n","protected":false},"featured_media":511,"comment_status":"open","ping_status":"closed","template":"","meta":[],"product_cat":[22],"product_tag":[],"class_list":{"0":"post-509","1":"product","2":"type-product","3":"status-publish","4":"has-post-thumbnail","6":"product_cat-la-vie-rose","8":"first","9":"instock","10":"shipping-taxable","11":"product-type-simple"},"_links":{"self":[{"href":"https:\/\/lammariparis.com\/index.php?rest_route=\/wp\/v3\/product\/509","targetHints":{"allow":["GET"]}}],"collection":[{"href":"https:\/\/lammariparis.com\/index.php?rest_route=\/wp\/v3\/product"}],"about":[{"href":"https:\/\/lammariparis.com\/index.php?rest_route=\/wp\/v2\/types\/product"}],"replies":[{"embeddable":true,"href":"https:\/\/lammariparis.com\/index.php?rest_route=%2Fwp%2Fv2%2Fcomments&post=509"}],"wp:featuredmedia":[{"embeddable":true,"href":"https:\/\/lammariparis.com\/index.php?rest_route=\/wp\/v2\/media\/511"}],"wp:attachment":[{"href":"https:\/\/lammariparis.com\/index.php?rest_route=%2Fwp%2Fv2%2Fmedia&parent=509"}],"wp:term":[{"taxonomy":"product_cat","embeddable":true,"href":"https:\/\/lammariparis.com\/index.php?rest_route=%2Fwp%2Fv2%2Fproduct_cat&post=509"},{"taxonomy":"product_tag","embeddable":true,"href":"https:\/\/lammariparis.com\/index.php?rest_route=%2Fwp%2Fv2%2Fproduct_tag&post=509"}],"curies":[{"name":"wp","href":"https:\/\/api.w.org\/{rel}","templated":true}]}}